{"id":277329,"date":"2025-05-14T08:58:26","date_gmt":"2025-05-14T08:58:26","guid":{"rendered":"https:\/\/testsajt57.hemsidemallar.eu\/?page_id=277329"},"modified":"2026-05-12T10:00:16","modified_gmt":"2026-05-12T08:00:16","slug":"about-us","status":"publish","type":"page","link":"https:\/\/pls.se\/en\/om-oss\/","title":{"rendered":"About us"},"content":{"rendered":"<p>[et_pb_section fb_built=&#8221;1&#8243; custom_padding_last_edited=&#8221;on|phone&#8221; _builder_version=&#8221;4.27.4&#8243; _module_preset=&#8221;default&#8221; background_color=&#8221;#EDF3F2&#8243; custom_margin=&#8221;||||false|false&#8221; custom_padding=&#8221;112px||98px||false|false&#8221; custom_padding_tablet=&#8221;30px||0px||false|false&#8221; custom_padding_phone=&#8221;20px||0px||false|false&#8221; global_colors_info=&#8221;{}&#8221;][et_pb_row column_structure=&#8221;3_5,2_5&#8243; use_custom_gutter=&#8221;on&#8221; custom_padding_last_edited=&#8221;on|phone&#8221; _builder_version=&#8221;4.27.4&#8243; _module_preset=&#8221;default&#8221; max_width=&#8221;1350px&#8221; custom_padding=&#8221;||||false|false&#8221; custom_padding_tablet=&#8221;||0px||false|false&#8221; custom_padding_phone=&#8221;||0px||false|false&#8221; global_colors_info=&#8221;{}&#8221;][et_pb_column type=&#8221;3_5&#8243; _builder_version=&#8221;4.27.4&#8243; _module_preset=&#8221;default&#8221; global_colors_info=&#8221;{}&#8221;][et_pb_text admin_label=&#8221;Text&#8221; _builder_version=&#8221;4.27.4&#8243; text_font=&#8221;Inter|300|||||||&#8221; text_text_color=&#8221;#000000&#8243; text_font_size=&#8221;19px&#8221; text_line_height=&#8221;1.6em&#8221; ul_font=&#8221;||||||||&#8221; background_layout=&#8221;dark&#8221; module_alignment=&#8221;center&#8221; custom_margin=&#8221;||1px|||&#8221; global_colors_info=&#8221;{}&#8221;]<\/p>\n<h1><span style=\"color: #000000;\">Om oss<\/span><\/h1>\n<p><span style=\"color: #000000;\">M\u00f6jlighet, meningsfullhet och gemenskap under samma tak<\/span><\/p>\n<p>[\/et_pb_text][\/et_pb_column][et_pb_column type=&#8221;2_5&#8243; _builder_version=&#8221;4.27.4&#8243; _module_preset=&#8221;default&#8221; global_colors_info=&#8221;{}&#8221;][\/et_pb_column][\/et_pb_row][\/et_pb_section][et_pb_section fb_built=&#8221;1&#8243; custom_padding_last_edited=&#8221;on|tablet&#8221; admin_label=&#8221;Hero&#8221; _builder_version=&#8221;4.27.4&#8243; background_color=&#8221;#EDF3F2&#8243; background_enable_image=&#8221;off&#8221; custom_margin=&#8221;||||false|false&#8221; custom_padding=&#8221;0px||0px||true|false&#8221; custom_padding_tablet=&#8221;0px||0px||false|false&#8221; custom_padding_phone=&#8221;||0px||false|false&#8221; animation_direction=&#8221;left&#8221; border_color_all=&#8221;RGBA(255,255,255,0)&#8221; box_shadow_style=&#8221;preset4&#8243; box_shadow_horizontal=&#8221;500px&#8221; box_shadow_vertical=&#8221;0px&#8221; box_shadow_color=&#8221;#EDF3F2&#8243; global_colors_info=&#8221;{}&#8221;][et_pb_row disabled_on=&#8221;on|off|off&#8221; _builder_version=&#8221;4.27.4&#8243; _module_preset=&#8221;default&#8221; width=&#8221;100%&#8221; max_width=&#8221;100%&#8221; height=&#8221;700px&#8221; custom_padding=&#8221;0px||0px||true|false&#8221; border_radii=&#8221;off||30vw||&#8221; global_colors_info=&#8221;{}&#8221;][et_pb_column type=&#8221;4_4&#8243; _builder_version=&#8221;4.27.4&#8243; _module_preset=&#8221;default&#8221; background_image=&#8221;https:\/\/pls.se\/wp-content\/uploads\/sites\/2\/2026\/04\/ALEX9838-1.jpg&#8221; background_last_edited=&#8221;on|phone&#8221; background_image_phone=&#8221;https:\/\/pls.se\/wp-content\/uploads\/sites\/2\/2025\/07\/Mobil-om-oss-inducore.jpg&#8221; background_enable_image_phone=&#8221;on&#8221; background_size_phone=&#8221;cover&#8221; background_position_phone=&#8221;center&#8221; border_color_all=&#8221;RGBA(255,255,255,0)&#8221; global_colors_info=&#8221;{}&#8221;][et_pb_divider show_divider=&#8221;off&#8221; _builder_version=&#8221;4.27.4&#8243; _module_preset=&#8221;default&#8221; height=&#8221;700px&#8221; border_color_all=&#8221;RGBA(255,255,255,0)&#8221; global_colors_info=&#8221;{}&#8221;][\/et_pb_divider][\/et_pb_column][\/et_pb_row][et_pb_row disabled_on=&#8221;off|on|on&#8221; _builder_version=&#8221;4.27.4&#8243; _module_preset=&#8221;default&#8221; width=&#8221;100%&#8221; max_width=&#8221;100%&#8221; custom_padding=&#8221;0px||0px||true|false&#8221; border_color_all=&#8221;RGBA(255,255,255,0)&#8221; global_colors_info=&#8221;{}&#8221;][et_pb_column type=&#8221;4_4&#8243; _builder_version=&#8221;4.27.4&#8243; _module_preset=&#8221;default&#8221; global_colors_info=&#8221;{}&#8221;][et_pb_image src=&#8221;https:\/\/pls.se\/wp-content\/uploads\/sites\/2\/2026\/04\/ALEX9838-3.jpg&#8221; title_text=&#8221;ALEX9838 (3)&#8221; _builder_version=&#8221;4.27.4&#8243; _module_preset=&#8221;default&#8221; border_radii=&#8221;off||120px||&#8221; global_colors_info=&#8221;{}&#8221;][\/et_pb_image][\/et_pb_column][\/et_pb_row][\/et_pb_section][et_pb_section fb_built=&#8221;1&#8243; custom_padding_last_edited=&#8221;on|phone&#8221; _builder_version=&#8221;4.27.4&#8243; _module_preset=&#8221;default&#8221; custom_padding=&#8221;93px||93px||true|&#8221; custom_padding_tablet=&#8221;50px||50px||true|false&#8221; custom_padding_phone=&#8221;40px||||false|false&#8221; global_colors_info=&#8221;{}&#8221;][et_pb_row column_structure=&#8221;1_2,1_2&#8243; use_custom_gutter=&#8221;on&#8221; gutter_width=&#8221;2&#8243; custom_padding_last_edited=&#8221;on|phone&#8221; _builder_version=&#8221;4.27.4&#8243; _module_preset=&#8221;default&#8221; max_width=&#8221;1400px&#8221; custom_padding=&#8221;||20px||false|false&#8221; custom_padding_tablet=&#8221;||70px||false|false&#8221; custom_padding_phone=&#8221;||60px||false|false&#8221; global_colors_info=&#8221;{}&#8221;][et_pb_column type=&#8221;1_2&#8243; _builder_version=&#8221;4.27.4&#8243; _module_preset=&#8221;default&#8221; global_colors_info=&#8221;{}&#8221;][et_pb_text _builder_version=&#8221;4.27.4&#8243; _module_preset=&#8221;default&#8221; text_font=&#8221;Inter||||||||&#8221; text_text_color=&#8221;#000000&#8243; text_line_height=&#8221;1.4em&#8221; header_2_font_size=&#8221;40px&#8221; module_alignment=&#8221;center&#8221; custom_margin=&#8221;0px||26px||false|false&#8221; global_colors_info=&#8221;{}&#8221; header_2_2_font_size_phone=&#8221;32px&#8221; header_3_2_font_size_phone=&#8221;32px&#8221; header_4_2_font_size_phone=&#8221;32px&#8221; header_5_2_font_size_phone=&#8221;32px&#8221; header_6_2_font_size_phone=&#8221;32px&#8221; header_2_2_font_size_last_edited=&#8221;on|phone&#8221; header_3_2_font_size_last_edited=&#8221;on|phone&#8221; header_4_2_font_size_last_edited=&#8221;on|phone&#8221; header_5_2_font_size_last_edited=&#8221;on|phone&#8221; header_6_2_font_size_last_edited=&#8221;on|phone&#8221;]<\/p>\n<h2 class=\"gb-headline gb-headline-e4a3c7f9 gb-headline-text\">PLS produkter \u00e4r tillverkat fr\u00e5n ax till limpa<\/h2>\n<p><span>Du m\u00f6ter oss dagligen p\u00e5 v\u00e4garna tillsammans med bland annat Volvo, Scania Mercedes MAN och DAF. Det \u00e4r n\u00e4mligen vi som tryggar och effektiviserar transporterna genom v\u00e5ra sk\u00e5p- och p\u00e5byggnaderna som du ser uppe p\u00e5 lastbilar och sl\u00e4p!<\/span><\/p>\n<p><span>Unikt f\u00f6r oss \u00e4r att vi tillverkar och levererar v\u00e5ra produkter fr\u00e5n ax till limpa med en samlad kompetens under samma tak. Allt fr\u00e5n konstruktion, till svets, till limning, till elinstallation och slutlig montering. Detta g\u00f6r vi med stolthet och v\u00e5ra leveranser har h\u00f6g kvalit\u00e9, funktionalitet, anv\u00e4ndarv\u00e4nlighet och h\u00e5llbarhet!<\/span><\/p>\n<p><span>V\u00e5rt namn, PLS, \u00e4r en f\u00f6rkortning av Pl\u00e5t- och smide, som \u00e4r det ursprungliga namnet bolaget fick d\u00e5 det startades som ett familjef\u00f6retag i sm\u00e5l\u00e4ndska Rydaholm 1957. Sedan dess har vi levererat och utvecklat gedigna och smarta transportl\u00f6sningar. Bolaget har vuxit sig starkt och st\u00f6rre genom \u00e5ren, genomg\u00e5tt ett namnbyte och kommit att ing\u00e5 i en st\u00f6rre industrikoncern. Den familj\u00e4ra k\u00e4nslan och den personliga kontakten \u00e4r dock densamma nu som d\u00e5!<\/span><\/p>\n<p>&nbsp;<\/p>\n<p>[\/et_pb_text][et_pb_button button_url=&#8221;@ET-DC@eyJkeW5hbWljIjp0cnVlLCJjb250ZW50IjoicG9zdF9saW5rX3VybF9wYWdlIiwic2V0dGluZ3MiOnsicG9zdF9pZCI6IjI3NzUxNSJ9fQ==@&#8221; button_text=&#8221;Kontakta oss&#8221; _builder_version=&#8221;4.27.4&#8243; _dynamic_attributes=&#8221;button_url&#8221; _module_preset=&#8221;2b66cf09-4328-4c81-86a8-3377111ec631&#8243; custom_margin=&#8221;||62px|0%|false|false&#8221; global_colors_info=&#8221;{}&#8221;][\/et_pb_button][difl_dual_button btn_left_icon_color=&#8221;1&#8243; btn_right_icon_color=&#8221;1&#8243; _builder_version=&#8221;4.27.4&#8243; _module_preset=&#8221;default&#8221; global_colors_info=&#8221;{}&#8221;][\/difl_dual_button][difl_dual_button btn_left_icon_color=&#8221;1&#8243; btn_right_icon_color=&#8221;1&#8243; _builder_version=&#8221;4.27.4&#8243; _module_preset=&#8221;default&#8221; global_colors_info=&#8221;{}&#8221;][\/difl_dual_button][\/et_pb_column][et_pb_column type=&#8221;1_2&#8243; _builder_version=&#8221;4.27.4&#8243; _module_preset=&#8221;default&#8221; global_colors_info=&#8221;{}&#8221;][et_pb_image src=&#8221;https:\/\/pls.se\/wp-content\/uploads\/sites\/2\/2026\/03\/ALEX7238.jpg&#8221; title_text=&#8221;ALEX7238&#8243; align=&#8221;center&#8221; _builder_version=&#8221;4.27.4&#8243; _module_preset=&#8221;default&#8221; max_width=&#8221;550px&#8221; module_alignment=&#8221;center&#8221; global_colors_info=&#8221;{}&#8221;][\/et_pb_image][\/et_pb_column][\/et_pb_row][\/et_pb_section][et_pb_section fb_built=&#8221;1&#8243; custom_padding_last_edited=&#8221;on|phone&#8221; _builder_version=&#8221;4.27.4&#8243; _module_preset=&#8221;default&#8221; background_color=&#8221;#EDF3F2&#8243; custom_padding=&#8221;120px||120px||true|false&#8221; custom_padding_tablet=&#8221;30px||30px||true|false&#8221; custom_padding_phone=&#8221;40px||40px||true|false&#8221; global_colors_info=&#8221;{}&#8221;][et_pb_row column_structure=&#8221;1_2,1_2&#8243; use_custom_gutter=&#8221;on&#8221; custom_padding_last_edited=&#8221;off|desktop&#8221; _builder_version=&#8221;4.27.4&#8243; _module_preset=&#8221;default&#8221; max_width=&#8221;1400px&#8221; custom_padding=&#8221;||0px||false|false&#8221; custom_padding_tablet=&#8221;||||false|false&#8221; custom_padding_phone=&#8221;||||false|false&#8221; global_colors_info=&#8221;{}&#8221;][et_pb_column type=&#8221;1_2&#8243; _builder_version=&#8221;4.27.4&#8243; _module_preset=&#8221;default&#8221; global_colors_info=&#8221;{}&#8221;][et_pb_image src=&#8221;https:\/\/pls.se\/wp-content\/uploads\/sites\/2\/2025\/06\/Inducore-logo-rgb-300&#215;70-1.png&#8221; title_text=&#8221;Inducore-logo-rgb-300&#215;70-1&#8243; _builder_version=&#8221;4.27.4&#8243; _module_preset=&#8221;default&#8221; max_width=&#8221;600px&#8221; module_alignment=&#8221;center&#8221; custom_margin=&#8221;60px||||false|false&#8221; custom_margin_tablet=&#8221;0px||||false|false&#8221; custom_margin_phone=&#8221;0px||||false|false&#8221; custom_margin_last_edited=&#8221;on|phone&#8221; border_radii=&#8221;off||60px||60px&#8221; global_colors_info=&#8221;{}&#8221;][\/et_pb_image][\/et_pb_column][et_pb_column type=&#8221;1_2&#8243; _builder_version=&#8221;4.27.4&#8243; _module_preset=&#8221;default&#8221; global_colors_info=&#8221;{}&#8221;][et_pb_text _builder_version=&#8221;4.27.4&#8243; _module_preset=&#8221;default&#8221; text_font=&#8221;Inter||||||||&#8221; text_text_color=&#8221;#000000&#8243; text_line_height=&#8221;1.4em&#8221; module_alignment=&#8221;center&#8221; custom_margin=&#8221;51px||26px|||&#8221; global_colors_info=&#8221;{}&#8221; header_2_2_font_size_phone=&#8221;32px&#8221; header_3_2_font_size_phone=&#8221;32px&#8221; header_4_2_font_size_phone=&#8221;32px&#8221; header_5_2_font_size_phone=&#8221;32px&#8221; header_6_2_font_size_phone=&#8221;32px&#8221; header_2_2_font_size_last_edited=&#8221;on|phone&#8221; header_3_2_font_size_last_edited=&#8221;on|phone&#8221; header_4_2_font_size_last_edited=&#8221;on|phone&#8221; header_5_2_font_size_last_edited=&#8221;on|phone&#8221; header_6_2_font_size_last_edited=&#8221;on|phone&#8221;]<\/p>\n<h2 class=\"gb-headline gb-headline-bc4fa629 gb-headline-text\">PLS \u00e4r en del av Inducore<\/h2>\n<p>Sedan 2008 ing\u00e5r vi i industrikoncernen Inducore, som \u00e4r privat\u00e4gd och best\u00e5r av entrepren\u00f6rer med kunden i fokus.<\/p>\n<p>Inducore grundades 1997 och har idag verksamhet i fem l\u00e4nder med tre olika aff\u00e4rsomr\u00e5den.<\/p>\n<p>[\/et_pb_text][et_pb_button button_url=&#8221;https:\/\/inducore.se\/&#8221; button_text=&#8221;Bes\u00f6k Inducore&#8221; _builder_version=&#8221;4.27.4&#8243; _module_preset=&#8221;2b66cf09-4328-4c81-86a8-3377111ec631&#8243; custom_margin=&#8221;||62px|0%|false|false&#8221; global_colors_info=&#8221;{}&#8221;][\/et_pb_button][difl_dual_button btn_left_icon_color=&#8221;1&#8243; btn_right_icon_color=&#8221;1&#8243; _builder_version=&#8221;4.27.4&#8243; _module_preset=&#8221;default&#8221; global_colors_info=&#8221;{}&#8221;][\/difl_dual_button][\/et_pb_column][\/et_pb_row][\/et_pb_section]<\/p>\n","protected":false},"excerpt":{"rendered":"<p>Om oss M\u00f6jlighet, meningsfullhet och gemenskap under samma takPLS produkter \u00e4r tillverkat fr\u00e5n ax till limpa Du m\u00f6ter oss dagligen p\u00e5 v\u00e4garna tillsammans med bland annat Volvo, Scania Mercedes MAN och DAF. Det \u00e4r n\u00e4mligen vi som tryggar och effektiviserar transporterna genom v\u00e5ra sk\u00e5p- och p\u00e5byggnaderna som du ser uppe p\u00e5 lastbilar och sl\u00e4p! Unikt [&hellip;]<\/p>\n","protected":false},"author":4,"featured_media":0,"parent":0,"menu_order":0,"comment_status":"closed","ping_status":"closed","template":"","meta":{"_et_pb_use_builder":"on","_et_pb_old_content":"","_et_gb_content_width":"","footnotes":""},"difl_page_category":[],"class_list":["post-277329","page","type-page","status-publish","hentry"],"yoast_head":"<!-- This site is optimized with the Yoast SEO plugin v27.5 - https:\/\/yoast.com\/product\/yoast-seo-wordpress\/ -->\n<title>Om oss - M\u00f6jlighet, meningsfullhet och gemenskap<\/title>\n<meta name=\"description\" content=\"L\u00e4r k\u00e4nna PLS Truck Bodies \u2013 v\u00e5r historia, produktion i Sverige och passion f\u00f6r h\u00e5llbara transportl\u00f6sningar.\" \/>\n<meta name=\"robots\" content=\"index, follow, max-snippet:-1, max-image-preview:large, max-video-preview:-1\" \/>\n<link rel=\"canonical\" href=\"https:\/\/pls.se\/en\/about-us\/\" \/>\n<meta property=\"og:locale\" content=\"en_GB\" \/>\n<meta property=\"og:type\" content=\"article\" \/>\n<meta property=\"og:title\" content=\"Om oss - M\u00f6jlighet, meningsfullhet och gemenskap\" \/>\n<meta property=\"og:description\" content=\"L\u00e4r k\u00e4nna PLS Truck Bodies \u2013 v\u00e5r historia, produktion i Sverige och passion f\u00f6r h\u00e5llbara transportl\u00f6sningar.\" \/>\n<meta property=\"og:url\" content=\"https:\/\/pls.se\/en\/about-us\/\" \/>\n<meta property=\"og:site_name\" content=\"PLS\" \/>\n<meta property=\"article:modified_time\" content=\"2026-05-12T08:00:16+00:00\" \/>\n<meta name=\"twitter:card\" content=\"summary_large_image\" \/>\n<meta name=\"twitter:label1\" content=\"Estimated reading time\" \/>\n\t<meta name=\"twitter:data1\" content=\"2 minutes\" \/>\n<script type=\"application\/ld+json\" class=\"yoast-schema-graph\">{\"@context\":\"https:\\\/\\\/schema.org\",\"@graph\":[{\"@type\":\"WebPage\",\"@id\":\"https:\\\/\\\/pls.se\\\/om-oss\\\/\",\"url\":\"https:\\\/\\\/pls.se\\\/om-oss\\\/\",\"name\":\"Om oss - M\u00f6jlighet, meningsfullhet och gemenskap\",\"isPartOf\":{\"@id\":\"https:\\\/\\\/pls.se\\\/#website\"},\"datePublished\":\"2025-05-14T08:58:26+00:00\",\"dateModified\":\"2026-05-12T08:00:16+00:00\",\"description\":\"L\u00e4r k\u00e4nna PLS Truck Bodies \u2013 v\u00e5r historia, produktion i Sverige och passion f\u00f6r h\u00e5llbara transportl\u00f6sningar.\",\"breadcrumb\":{\"@id\":\"https:\\\/\\\/pls.se\\\/om-oss\\\/#breadcrumb\"},\"inLanguage\":\"en-GB\",\"potentialAction\":[{\"@type\":\"ReadAction\",\"target\":[\"https:\\\/\\\/pls.se\\\/om-oss\\\/\"]}]},{\"@type\":\"BreadcrumbList\",\"@id\":\"https:\\\/\\\/pls.se\\\/om-oss\\\/#breadcrumb\",\"itemListElement\":[{\"@type\":\"ListItem\",\"position\":1,\"name\":\"Hem\",\"item\":\"https:\\\/\\\/pls.se\\\/\"},{\"@type\":\"ListItem\",\"position\":2,\"name\":\"Om oss\"}]},{\"@type\":\"WebSite\",\"@id\":\"https:\\\/\\\/pls.se\\\/#website\",\"url\":\"https:\\\/\\\/pls.se\\\/\",\"name\":\"PLS\",\"description\":\"Lastbilsp\u00e5byggnader f\u00f6r effektiva transporter\",\"publisher\":{\"@id\":\"https:\\\/\\\/pls.se\\\/#organization\"},\"potentialAction\":[{\"@type\":\"SearchAction\",\"target\":{\"@type\":\"EntryPoint\",\"urlTemplate\":\"https:\\\/\\\/pls.se\\\/?s={search_term_string}\"},\"query-input\":{\"@type\":\"PropertyValueSpecification\",\"valueRequired\":true,\"valueName\":\"search_term_string\"}}],\"inLanguage\":\"en-GB\"},{\"@type\":\"Organization\",\"@id\":\"https:\\\/\\\/pls.se\\\/#organization\",\"name\":\"PLS\",\"url\":\"https:\\\/\\\/pls.se\\\/\",\"logo\":{\"@type\":\"ImageObject\",\"inLanguage\":\"en-GB\",\"@id\":\"https:\\\/\\\/pls.se\\\/#\\\/schema\\\/logo\\\/image\\\/\",\"url\":\"https:\\\/\\\/pls.se\\\/wp-content\\\/uploads\\\/sites\\\/2\\\/2025\\\/06\\\/pls.jpg\",\"contentUrl\":\"https:\\\/\\\/pls.se\\\/wp-content\\\/uploads\\\/sites\\\/2\\\/2025\\\/06\\\/pls.jpg\",\"width\":1400,\"height\":778,\"caption\":\"PLS\"},\"image\":{\"@id\":\"https:\\\/\\\/pls.se\\\/#\\\/schema\\\/logo\\\/image\\\/\"}}]}<\/script>\n<!-- \/ Yoast SEO plugin. -->","yoast_head_json":{"title":"About Us \u2013 Opportunity, purpose, and community","description":"Learn more about PLS Truck Bodies, our history, production in Sweden and our passion for sustainable transport solutions.","robots":{"index":"index","follow":"follow","max-snippet":"max-snippet:-1","max-image-preview":"max-image-preview:large","max-video-preview":"max-video-preview:-1"},"canonical":"https:\/\/pls.se\/en\/about-us\/","og_locale":"en_GB","og_type":"article","og_title":"Om oss - M\u00f6jlighet, meningsfullhet och gemenskap","og_description":"L\u00e4r k\u00e4nna PLS Truck Bodies \u2013 v\u00e5r historia, produktion i Sverige och passion f\u00f6r h\u00e5llbara transportl\u00f6sningar.","og_url":"https:\/\/pls.se\/en\/about-us\/","og_site_name":"PLS","article_modified_time":"2026-05-12T08:00:16+00:00","twitter_card":"summary_large_image","twitter_misc":{"Estimated reading time":"2 minutes"},"schema":{"@context":"https:\/\/schema.org","@graph":[{"@type":"WebPage","@id":"https:\/\/pls.se\/om-oss\/","url":"https:\/\/pls.se\/om-oss\/","name":"About Us \u2013 Opportunity, purpose, and community","isPartOf":{"@id":"https:\/\/pls.se\/#website"},"datePublished":"2025-05-14T08:58:26+00:00","dateModified":"2026-05-12T08:00:16+00:00","description":"Learn more about PLS Truck Bodies, our history, production in Sweden and our passion for sustainable transport solutions.","breadcrumb":{"@id":"https:\/\/pls.se\/om-oss\/#breadcrumb"},"inLanguage":"en-GB","potentialAction":[{"@type":"ReadAction","target":["https:\/\/pls.se\/om-oss\/"]}]},{"@type":"BreadcrumbList","@id":"https:\/\/pls.se\/om-oss\/#breadcrumb","itemListElement":[{"@type":"ListItem","position":1,"name":"Hem","item":"https:\/\/pls.se\/"},{"@type":"ListItem","position":2,"name":"Om oss"}]},{"@type":"WebSite","@id":"https:\/\/pls.se\/#website","url":"https:\/\/pls.se\/","name":"PLS","description":"Truck bodies for efficient transport","publisher":{"@id":"https:\/\/pls.se\/#organization"},"potentialAction":[{"@type":"SearchAction","target":{"@type":"EntryPoint","urlTemplate":"https:\/\/pls.se\/?s={search_term_string}"},"query-input":{"@type":"PropertyValueSpecification","valueRequired":true,"valueName":"search_term_string"}}],"inLanguage":"en-GB"},{"@type":"Organization","@id":"https:\/\/pls.se\/#organization","name":"PLS","url":"https:\/\/pls.se\/","logo":{"@type":"ImageObject","inLanguage":"en-GB","@id":"https:\/\/pls.se\/#\/schema\/logo\/image\/","url":"https:\/\/pls.se\/wp-content\/uploads\/sites\/2\/2025\/06\/pls.jpg","contentUrl":"https:\/\/pls.se\/wp-content\/uploads\/sites\/2\/2025\/06\/pls.jpg","width":1400,"height":778,"caption":"PLS"},"image":{"@id":"https:\/\/pls.se\/#\/schema\/logo\/image\/"}}]}},"_links":{"self":[{"href":"https:\/\/pls.se\/en\/wp-json\/wp\/v2\/pages\/277329","targetHints":{"allow":["GET"]}}],"collection":[{"href":"https:\/\/pls.se\/en\/wp-json\/wp\/v2\/pages"}],"about":[{"href":"https:\/\/pls.se\/en\/wp-json\/wp\/v2\/types\/page"}],"author":[{"embeddable":true,"href":"https:\/\/pls.se\/en\/wp-json\/wp\/v2\/users\/4"}],"replies":[{"embeddable":true,"href":"https:\/\/pls.se\/en\/wp-json\/wp\/v2\/comments?post=277329"}],"version-history":[{"count":65,"href":"https:\/\/pls.se\/en\/wp-json\/wp\/v2\/pages\/277329\/revisions"}],"predecessor-version":[{"id":284392,"href":"https:\/\/pls.se\/en\/wp-json\/wp\/v2\/pages\/277329\/revisions\/284392"}],"wp:attachment":[{"href":"https:\/\/pls.se\/en\/wp-json\/wp\/v2\/media?parent=277329"}],"wp:term":[{"taxonomy":"difl_page_category","embeddable":true,"href":"https:\/\/pls.se\/en\/wp-json\/wp\/v2\/difl_page_category?post=277329"}],"curies":[{"name":"wp","href":"https:\/\/api.w.org\/{rel}","templated":true}]}}