{"id":283945,"date":"2026-03-18T15:15:42","date_gmt":"2026-03-18T14:15:42","guid":{"rendered":"https:\/\/dev.pls.se\/?post_type=product&#038;p=283945"},"modified":"2026-05-12T09:48:13","modified_gmt":"2026-05-12T07:48:13","slug":"pls-ls","status":"publish","type":"product","link":"https:\/\/pls.se\/en\/produkter\/special\/pls-ls\/","title":{"rendered":"PLS Load securing system \u2013 LS"},"content":{"rendered":"<p>LS \u00e4r ett revolutionerande, patenterat surrningssystem som \u00e4r enkelt att montera, smidigt att anv\u00e4nda. Det \u00e4r provat av SP \u2013 Sveriges Provnings- och Forskningsinstitut och testat f\u00f6r belastningar upp till 4 ton enligt TSV 12-02, som \u00e4ven medger k\u00f6rning av skogsprodukter. Ut\u00f6ver LS systemet, kan vi l\u00f6sa alla andra typer av dina \u00f6nskem\u00e5l.<\/p>","protected":false},"excerpt":{"rendered":"<p>Revolutionerande patenterat surrningssystem som \u00e4r enkelt att montera<\/p>","protected":false},"author":5,"featured_media":283004,"template":"","meta":{"_et_pb_use_builder":"","_et_pb_old_content":"","_et_gb_content_width":"","footnotes":""},"product-category":[29],"class_list":["post-283945","product","type-product","status-publish","has-post-thumbnail","hentry","product-category-special"],"yoast_head":"<!-- This site is optimized with the Yoast SEO plugin v27.5 - https:\/\/yoast.com\/product\/yoast-seo-wordpress\/ -->\n<title>PLS Lasts\u00e4kringssystem \u2013 LS surrningssystem<\/title>\n<meta name=\"description\" content=\"PLS LS lasts\u00e4kringssystem ger s\u00e4ker och effektiv lasts\u00e4kring f\u00f6r transporter med smart och h\u00e5llbar konstruktion.\" \/>\n<meta name=\"robots\" content=\"index, follow, max-snippet:-1, max-image-preview:large, max-video-preview:-1\" \/>\n<link rel=\"canonical\" href=\"https:\/\/pls.se\/en\/products\/special\/pls-ls\/\" \/>\n<meta property=\"og:locale\" content=\"en_GB\" \/>\n<meta property=\"og:type\" content=\"article\" \/>\n<meta property=\"og:title\" content=\"PLS Lasts\u00e4kringssystem \u2013 LS surrningssystem\" \/>\n<meta property=\"og:description\" content=\"PLS LS lasts\u00e4kringssystem ger s\u00e4ker och effektiv lasts\u00e4kring f\u00f6r transporter med smart och h\u00e5llbar konstruktion.\" \/>\n<meta property=\"og:url\" content=\"https:\/\/pls.se\/en\/products\/special\/pls-ls\/\" \/>\n<meta property=\"og:site_name\" content=\"PLS\" \/>\n<meta property=\"article:modified_time\" content=\"2026-05-12T07:48:13+00:00\" \/>\n<meta property=\"og:image\" content=\"https:\/\/pls.se\/wp-content\/uploads\/sites\/2\/2025\/12\/Detaljvy_v0052-PLS-Lastsakringssystem.webp\" \/>\n\t<meta property=\"og:image:width\" content=\"768\" \/>\n\t<meta property=\"og:image:height\" content=\"445\" \/>\n\t<meta property=\"og:image:type\" content=\"image\/webp\" \/>\n<meta name=\"twitter:card\" content=\"summary_large_image\" \/>\n<meta name=\"twitter:label1\" content=\"Estimated reading time\" \/>\n\t<meta name=\"twitter:data1\" content=\"1 minute\" \/>\n<script type=\"application\/ld+json\" class=\"yoast-schema-graph\">{\"@context\":\"https:\\\/\\\/schema.org\",\"@graph\":[{\"@type\":[\"WebPage\",\"ItemPage\"],\"@id\":\"https:\\\/\\\/pls.se\\\/produkter\\\/special\\\/pls-ls\\\/\",\"url\":\"https:\\\/\\\/pls.se\\\/produkter\\\/special\\\/pls-ls\\\/\",\"name\":\"PLS Lasts\u00e4kringssystem \u2013 LS surrningssystem\",\"isPartOf\":{\"@id\":\"https:\\\/\\\/pls.se\\\/#website\"},\"primaryImageOfPage\":{\"@id\":\"https:\\\/\\\/pls.se\\\/produkter\\\/special\\\/pls-ls\\\/#primaryimage\"},\"image\":{\"@id\":\"https:\\\/\\\/pls.se\\\/produkter\\\/special\\\/pls-ls\\\/#primaryimage\"},\"thumbnailUrl\":\"https:\\\/\\\/pls.se\\\/wp-content\\\/uploads\\\/sites\\\/2\\\/2025\\\/12\\\/Detaljvy_v0052-PLS-Lastsakringssystem.webp\",\"datePublished\":\"2026-03-18T14:15:42+00:00\",\"dateModified\":\"2026-05-12T07:48:13+00:00\",\"description\":\"PLS LS lasts\u00e4kringssystem ger s\u00e4ker och effektiv lasts\u00e4kring f\u00f6r transporter med smart och h\u00e5llbar konstruktion.\",\"breadcrumb\":{\"@id\":\"https:\\\/\\\/pls.se\\\/produkter\\\/special\\\/pls-ls\\\/#breadcrumb\"},\"inLanguage\":\"en-GB\",\"potentialAction\":[{\"@type\":\"ReadAction\",\"target\":[\"https:\\\/\\\/pls.se\\\/produkter\\\/special\\\/pls-ls\\\/\"]}]},{\"@type\":\"ImageObject\",\"inLanguage\":\"en-GB\",\"@id\":\"https:\\\/\\\/pls.se\\\/produkter\\\/special\\\/pls-ls\\\/#primaryimage\",\"url\":\"https:\\\/\\\/pls.se\\\/wp-content\\\/uploads\\\/sites\\\/2\\\/2025\\\/12\\\/Detaljvy_v0052-PLS-Lastsakringssystem.webp\",\"contentUrl\":\"https:\\\/\\\/pls.se\\\/wp-content\\\/uploads\\\/sites\\\/2\\\/2025\\\/12\\\/Detaljvy_v0052-PLS-Lastsakringssystem.webp\",\"width\":768,\"height\":445},{\"@type\":\"BreadcrumbList\",\"@id\":\"https:\\\/\\\/pls.se\\\/produkter\\\/special\\\/pls-ls\\\/#breadcrumb\",\"itemListElement\":[{\"@type\":\"ListItem\",\"position\":1,\"name\":\"Hem\",\"item\":\"https:\\\/\\\/pls.se\\\/\"},{\"@type\":\"ListItem\",\"position\":2,\"name\":\"PLS Lasts\u00e4kringssystem \u2013 LS\"}]},{\"@type\":\"WebSite\",\"@id\":\"https:\\\/\\\/pls.se\\\/#website\",\"url\":\"https:\\\/\\\/pls.se\\\/\",\"name\":\"PLS\",\"description\":\"Lastbilsp\u00e5byggnader f\u00f6r effektiva transporter\",\"publisher\":{\"@id\":\"https:\\\/\\\/pls.se\\\/#organization\"},\"potentialAction\":[{\"@type\":\"SearchAction\",\"target\":{\"@type\":\"EntryPoint\",\"urlTemplate\":\"https:\\\/\\\/pls.se\\\/?s={search_term_string}\"},\"query-input\":{\"@type\":\"PropertyValueSpecification\",\"valueRequired\":true,\"valueName\":\"search_term_string\"}}],\"inLanguage\":\"en-GB\"},{\"@type\":\"Organization\",\"@id\":\"https:\\\/\\\/pls.se\\\/#organization\",\"name\":\"PLS\",\"url\":\"https:\\\/\\\/pls.se\\\/\",\"logo\":{\"@type\":\"ImageObject\",\"inLanguage\":\"en-GB\",\"@id\":\"https:\\\/\\\/pls.se\\\/#\\\/schema\\\/logo\\\/image\\\/\",\"url\":\"https:\\\/\\\/pls.se\\\/wp-content\\\/uploads\\\/sites\\\/2\\\/2025\\\/06\\\/pls.jpg\",\"contentUrl\":\"https:\\\/\\\/pls.se\\\/wp-content\\\/uploads\\\/sites\\\/2\\\/2025\\\/06\\\/pls.jpg\",\"width\":1400,\"height\":778,\"caption\":\"PLS\"},\"image\":{\"@id\":\"https:\\\/\\\/pls.se\\\/#\\\/schema\\\/logo\\\/image\\\/\"}}]}<\/script>\n<!-- \/ Yoast SEO plugin. -->","yoast_head_json":{"title":"PLS Load Securing System \u2013 LS","description":"PLS LS load securing system improves cargo safety and transport efficiency with smart and reliable securing solutions.","robots":{"index":"index","follow":"follow","max-snippet":"max-snippet:-1","max-image-preview":"max-image-preview:large","max-video-preview":"max-video-preview:-1"},"canonical":"https:\/\/pls.se\/en\/products\/special\/pls-ls\/","og_locale":"en_GB","og_type":"article","og_title":"PLS Lasts\u00e4kringssystem \u2013 LS surrningssystem","og_description":"PLS LS lasts\u00e4kringssystem ger s\u00e4ker och effektiv lasts\u00e4kring f\u00f6r transporter med smart och h\u00e5llbar konstruktion.","og_url":"https:\/\/pls.se\/en\/products\/special\/pls-ls\/","og_site_name":"PLS","article_modified_time":"2026-05-12T07:48:13+00:00","og_image":[{"width":768,"height":445,"url":"https:\/\/pls.se\/wp-content\/uploads\/sites\/2\/2025\/12\/Detaljvy_v0052-PLS-Lastsakringssystem.webp","type":"image\/webp"}],"twitter_card":"summary_large_image","twitter_misc":{"Estimated reading time":"1 minute"},"schema":{"@context":"https:\/\/schema.org","@graph":[{"@type":["WebPage","ItemPage"],"@id":"https:\/\/pls.se\/produkter\/special\/pls-ls\/","url":"https:\/\/pls.se\/produkter\/special\/pls-ls\/","name":"PLS Load Securing System \u2013 LS","isPartOf":{"@id":"https:\/\/pls.se\/#website"},"primaryImageOfPage":{"@id":"https:\/\/pls.se\/produkter\/special\/pls-ls\/#primaryimage"},"image":{"@id":"https:\/\/pls.se\/produkter\/special\/pls-ls\/#primaryimage"},"thumbnailUrl":"https:\/\/pls.se\/wp-content\/uploads\/sites\/2\/2025\/12\/Detaljvy_v0052-PLS-Lastsakringssystem.webp","datePublished":"2026-03-18T14:15:42+00:00","dateModified":"2026-05-12T07:48:13+00:00","description":"PLS LS load securing system improves cargo safety and transport efficiency with smart and reliable securing solutions.","breadcrumb":{"@id":"https:\/\/pls.se\/produkter\/special\/pls-ls\/#breadcrumb"},"inLanguage":"en-GB","potentialAction":[{"@type":"ReadAction","target":["https:\/\/pls.se\/produkter\/special\/pls-ls\/"]}]},{"@type":"ImageObject","inLanguage":"en-GB","@id":"https:\/\/pls.se\/produkter\/special\/pls-ls\/#primaryimage","url":"https:\/\/pls.se\/wp-content\/uploads\/sites\/2\/2025\/12\/Detaljvy_v0052-PLS-Lastsakringssystem.webp","contentUrl":"https:\/\/pls.se\/wp-content\/uploads\/sites\/2\/2025\/12\/Detaljvy_v0052-PLS-Lastsakringssystem.webp","width":768,"height":445},{"@type":"BreadcrumbList","@id":"https:\/\/pls.se\/produkter\/special\/pls-ls\/#breadcrumb","itemListElement":[{"@type":"ListItem","position":1,"name":"Hem","item":"https:\/\/pls.se\/"},{"@type":"ListItem","position":2,"name":"PLS Lasts\u00e4kringssystem \u2013 LS"}]},{"@type":"WebSite","@id":"https:\/\/pls.se\/#website","url":"https:\/\/pls.se\/","name":"PLS","description":"Truck bodies for efficient transport","publisher":{"@id":"https:\/\/pls.se\/#organization"},"potentialAction":[{"@type":"SearchAction","target":{"@type":"EntryPoint","urlTemplate":"https:\/\/pls.se\/?s={search_term_string}"},"query-input":{"@type":"PropertyValueSpecification","valueRequired":true,"valueName":"search_term_string"}}],"inLanguage":"en-GB"},{"@type":"Organization","@id":"https:\/\/pls.se\/#organization","name":"PLS","url":"https:\/\/pls.se\/","logo":{"@type":"ImageObject","inLanguage":"en-GB","@id":"https:\/\/pls.se\/#\/schema\/logo\/image\/","url":"https:\/\/pls.se\/wp-content\/uploads\/sites\/2\/2025\/06\/pls.jpg","contentUrl":"https:\/\/pls.se\/wp-content\/uploads\/sites\/2\/2025\/06\/pls.jpg","width":1400,"height":778,"caption":"PLS"},"image":{"@id":"https:\/\/pls.se\/#\/schema\/logo\/image\/"}}]}},"_links":{"self":[{"href":"https:\/\/pls.se\/en\/wp-json\/wp\/v2\/product\/283945","targetHints":{"allow":["GET"]}}],"collection":[{"href":"https:\/\/pls.se\/en\/wp-json\/wp\/v2\/product"}],"about":[{"href":"https:\/\/pls.se\/en\/wp-json\/wp\/v2\/types\/product"}],"author":[{"embeddable":true,"href":"https:\/\/pls.se\/en\/wp-json\/wp\/v2\/users\/5"}],"version-history":[{"count":2,"href":"https:\/\/pls.se\/en\/wp-json\/wp\/v2\/product\/283945\/revisions"}],"predecessor-version":[{"id":283986,"href":"https:\/\/pls.se\/en\/wp-json\/wp\/v2\/product\/283945\/revisions\/283986"}],"wp:featuredmedia":[{"embeddable":true,"href":"https:\/\/pls.se\/en\/wp-json\/wp\/v2\/media\/283004"}],"wp:attachment":[{"href":"https:\/\/pls.se\/en\/wp-json\/wp\/v2\/media?parent=283945"}],"wp:term":[{"taxonomy":"product-category","embeddable":true,"href":"https:\/\/pls.se\/en\/wp-json\/wp\/v2\/product-category?post=283945"}],"curies":[{"name":"wp","href":"https:\/\/api.w.org\/{rel}","templated":true}]}}